{"id":2175,"date":"2018-07-30T22:14:24","date_gmt":"2018-07-30T20:14:24","guid":{"rendered":"https:\/\/www.londramolveno.it\/?page_id=2175"},"modified":"2026-03-24T09:06:57","modified_gmt":"2026-03-24T08:06:57","slug":"bike","status":"publish","type":"page","link":"https:\/\/www.londramolveno.it\/de\/bike\/","title":{"rendered":"Bike"},"content":{"rendered":"","protected":false},"excerpt":{"rendered":"","protected":false},"author":2,"featured_media":1863,"parent":0,"menu_order":0,"comment_status":"closed","ping_status":"closed","template":"page-bike.php","meta":{"xn-wppe-expiration":[],"xn-wppe-expiration-action":[],"xn-wppe-expiration-prefix":[]},"class_list":["post-2175","page","type-page","status-publish","has-post-thumbnail","hentry","odd"],"yoast_head":"<!-- This site is optimized with the Yoast SEO plugin v27.3 - https:\/\/yoast.com\/product\/yoast-seo-wordpress\/ -->\n<title>Bike- Hotel Londra<\/title>\n<meta name=\"description\" content=\"Im Hotel Londra, wurden Sie exklusive Dienstleistungen, die Ihnen erlauben, Ihre volle Leidenschaft zu leben und n\u00fctzliche Ratschl\u00e4ge f\u00fcr sonnigen Tage im Namen des Outdoor-Sports verbringen.\" \/>\n<meta name=\"robots\" content=\"index, follow, max-snippet:-1, max-image-preview:large, max-video-preview:-1\" \/>\n<link rel=\"canonical\" href=\"https:\/\/www.londramolveno.it\/de\/bike\/\" \/>\n<meta property=\"og:locale\" content=\"de_DE\" \/>\n<meta property=\"og:type\" content=\"article\" \/>\n<meta property=\"og:title\" content=\"Bike- Hotel Londra\" \/>\n<meta property=\"og:description\" content=\"Im Hotel Londra, wurden Sie exklusive Dienstleistungen, die Ihnen erlauben, Ihre volle Leidenschaft zu leben und n\u00fctzliche Ratschl\u00e4ge f\u00fcr sonnigen Tage im Namen des Outdoor-Sports verbringen.\" \/>\n<meta property=\"og:url\" content=\"https:\/\/www.londramolveno.it\/de\/bike\/\" \/>\n<meta property=\"og:site_name\" content=\"Hotel Londra Molveno\" \/>\n<meta property=\"article:modified_time\" content=\"2026-03-24T08:06:57+00:00\" \/>\n<meta property=\"og:image\" content=\"https:\/\/www.londramolveno.it\/wp-content\/uploads\/2018\/06\/ph.-Malecha.jpg\" \/>\n\t<meta property=\"og:image:width\" content=\"2000\" \/>\n\t<meta property=\"og:image:height\" content=\"1333\" \/>\n\t<meta property=\"og:image:type\" content=\"image\/jpeg\" \/>\n<meta name=\"twitter:card\" content=\"summary_large_image\" \/>\n<meta name=\"twitter:label1\" content=\"Gesch\u00e4tzte Lesezeit\" \/>\n\t<meta name=\"twitter:data1\" content=\"1\u00a0Minute\" \/>\n<script type=\"application\/ld+json\" class=\"yoast-schema-graph\">{\"@context\":\"https:\\\/\\\/schema.org\",\"@graph\":[{\"@type\":\"WebPage\",\"@id\":\"https:\\\/\\\/www.londramolveno.it\\\/de\\\/bike\\\/\",\"url\":\"https:\\\/\\\/www.londramolveno.it\\\/de\\\/bike\\\/\",\"name\":\"Bike- Hotel Londra\",\"isPartOf\":{\"@id\":\"https:\\\/\\\/www.londramolveno.it\\\/#website\"},\"primaryImageOfPage\":{\"@id\":\"https:\\\/\\\/www.londramolveno.it\\\/de\\\/bike\\\/#primaryimage\"},\"image\":{\"@id\":\"https:\\\/\\\/www.londramolveno.it\\\/de\\\/bike\\\/#primaryimage\"},\"thumbnailUrl\":\"https:\\\/\\\/www.londramolveno.it\\\/wp-content\\\/uploads\\\/2018\\\/06\\\/ph.-Malecha.jpg\",\"datePublished\":\"2018-07-30T20:14:24+00:00\",\"dateModified\":\"2026-03-24T08:06:57+00:00\",\"description\":\"Im Hotel Londra, wurden Sie exklusive Dienstleistungen, die Ihnen erlauben, Ihre volle Leidenschaft zu leben und n\u00fctzliche Ratschl\u00e4ge f\u00fcr sonnigen Tage im Namen des Outdoor-Sports verbringen.\",\"breadcrumb\":{\"@id\":\"https:\\\/\\\/www.londramolveno.it\\\/de\\\/bike\\\/#breadcrumb\"},\"inLanguage\":\"de\",\"potentialAction\":[{\"@type\":\"ReadAction\",\"target\":[\"https:\\\/\\\/www.londramolveno.it\\\/de\\\/bike\\\/\"]}]},{\"@type\":\"ImageObject\",\"inLanguage\":\"de\",\"@id\":\"https:\\\/\\\/www.londramolveno.it\\\/de\\\/bike\\\/#primaryimage\",\"url\":\"https:\\\/\\\/www.londramolveno.it\\\/wp-content\\\/uploads\\\/2018\\\/06\\\/ph.-Malecha.jpg\",\"contentUrl\":\"https:\\\/\\\/www.londramolveno.it\\\/wp-content\\\/uploads\\\/2018\\\/06\\\/ph.-Malecha.jpg\",\"width\":2000,\"height\":1333},{\"@type\":\"BreadcrumbList\",\"@id\":\"https:\\\/\\\/www.londramolveno.it\\\/de\\\/bike\\\/#breadcrumb\",\"itemListElement\":[{\"@type\":\"ListItem\",\"position\":1,\"name\":\"Home\",\"item\":\"https:\\\/\\\/www.londramolveno.it\\\/de\\\/benvenuti-nel-nostro-hotel\\\/\"},{\"@type\":\"ListItem\",\"position\":2,\"name\":\"Bike\"}]},{\"@type\":\"WebSite\",\"@id\":\"https:\\\/\\\/www.londramolveno.it\\\/#website\",\"url\":\"https:\\\/\\\/www.londramolveno.it\\\/\",\"name\":\"Hotel Londra Molveno\",\"description\":\"\",\"potentialAction\":[{\"@type\":\"SearchAction\",\"target\":{\"@type\":\"EntryPoint\",\"urlTemplate\":\"https:\\\/\\\/www.londramolveno.it\\\/?s={search_term_string}\"},\"query-input\":{\"@type\":\"PropertyValueSpecification\",\"valueRequired\":true,\"valueName\":\"search_term_string\"}}],\"inLanguage\":\"de\"}]}<\/script>\n<!-- \/ Yoast SEO plugin. -->","yoast_head_json":{"title":"Bike- Hotel Londra","description":"Im Hotel Londra, wurden Sie exklusive Dienstleistungen, die Ihnen erlauben, Ihre volle Leidenschaft zu leben und n\u00fctzliche Ratschl\u00e4ge f\u00fcr sonnigen Tage im Namen des Outdoor-Sports verbringen.","robots":{"index":"index","follow":"follow","max-snippet":"max-snippet:-1","max-image-preview":"max-image-preview:large","max-video-preview":"max-video-preview:-1"},"canonical":"https:\/\/www.londramolveno.it\/de\/bike\/","og_locale":"de_DE","og_type":"article","og_title":"Bike- Hotel Londra","og_description":"Im Hotel Londra, wurden Sie exklusive Dienstleistungen, die Ihnen erlauben, Ihre volle Leidenschaft zu leben und n\u00fctzliche Ratschl\u00e4ge f\u00fcr sonnigen Tage im Namen des Outdoor-Sports verbringen.","og_url":"https:\/\/www.londramolveno.it\/de\/bike\/","og_site_name":"Hotel Londra Molveno","article_modified_time":"2026-03-24T08:06:57+00:00","og_image":[{"url":"https:\/\/www.londramolveno.it\/wp-content\/uploads\/2018\/06\/ph.-Malecha.jpg","width":2000,"height":1333,"type":"image\/jpeg"}],"twitter_card":"summary_large_image","twitter_misc":{"Gesch\u00e4tzte Lesezeit":"1\u00a0Minute"},"schema":{"@context":"https:\/\/schema.org","@graph":[{"@type":"WebPage","@id":"https:\/\/www.londramolveno.it\/de\/bike\/","url":"https:\/\/www.londramolveno.it\/de\/bike\/","name":"Bike- Hotel Londra","isPartOf":{"@id":"https:\/\/www.londramolveno.it\/#website"},"primaryImageOfPage":{"@id":"https:\/\/www.londramolveno.it\/de\/bike\/#primaryimage"},"image":{"@id":"https:\/\/www.londramolveno.it\/de\/bike\/#primaryimage"},"thumbnailUrl":"https:\/\/www.londramolveno.it\/wp-content\/uploads\/2018\/06\/ph.-Malecha.jpg","datePublished":"2018-07-30T20:14:24+00:00","dateModified":"2026-03-24T08:06:57+00:00","description":"Im Hotel Londra, wurden Sie exklusive Dienstleistungen, die Ihnen erlauben, Ihre volle Leidenschaft zu leben und n\u00fctzliche Ratschl\u00e4ge f\u00fcr sonnigen Tage im Namen des Outdoor-Sports verbringen.","breadcrumb":{"@id":"https:\/\/www.londramolveno.it\/de\/bike\/#breadcrumb"},"inLanguage":"de","potentialAction":[{"@type":"ReadAction","target":["https:\/\/www.londramolveno.it\/de\/bike\/"]}]},{"@type":"ImageObject","inLanguage":"de","@id":"https:\/\/www.londramolveno.it\/de\/bike\/#primaryimage","url":"https:\/\/www.londramolveno.it\/wp-content\/uploads\/2018\/06\/ph.-Malecha.jpg","contentUrl":"https:\/\/www.londramolveno.it\/wp-content\/uploads\/2018\/06\/ph.-Malecha.jpg","width":2000,"height":1333},{"@type":"BreadcrumbList","@id":"https:\/\/www.londramolveno.it\/de\/bike\/#breadcrumb","itemListElement":[{"@type":"ListItem","position":1,"name":"Home","item":"https:\/\/www.londramolveno.it\/de\/benvenuti-nel-nostro-hotel\/"},{"@type":"ListItem","position":2,"name":"Bike"}]},{"@type":"WebSite","@id":"https:\/\/www.londramolveno.it\/#website","url":"https:\/\/www.londramolveno.it\/","name":"Hotel Londra Molveno","description":"","potentialAction":[{"@type":"SearchAction","target":{"@type":"EntryPoint","urlTemplate":"https:\/\/www.londramolveno.it\/?s={search_term_string}"},"query-input":{"@type":"PropertyValueSpecification","valueRequired":true,"valueName":"search_term_string"}}],"inLanguage":"de"}]}},"_links":{"self":[{"href":"https:\/\/www.londramolveno.it\/de\/wp-json\/wp\/v2\/pages\/2175","targetHints":{"allow":["GET"]}}],"collection":[{"href":"https:\/\/www.londramolveno.it\/de\/wp-json\/wp\/v2\/pages"}],"about":[{"href":"https:\/\/www.londramolveno.it\/de\/wp-json\/wp\/v2\/types\/page"}],"author":[{"embeddable":true,"href":"https:\/\/www.londramolveno.it\/de\/wp-json\/wp\/v2\/users\/2"}],"replies":[{"embeddable":true,"href":"https:\/\/www.londramolveno.it\/de\/wp-json\/wp\/v2\/comments?post=2175"}],"version-history":[{"count":26,"href":"https:\/\/www.londramolveno.it\/de\/wp-json\/wp\/v2\/pages\/2175\/revisions"}],"predecessor-version":[{"id":28808,"href":"https:\/\/www.londramolveno.it\/de\/wp-json\/wp\/v2\/pages\/2175\/revisions\/28808"}],"wp:featuredmedia":[{"embeddable":true,"href":"https:\/\/www.londramolveno.it\/de\/wp-json\/wp\/v2\/media\/1863"}],"wp:attachment":[{"href":"https:\/\/www.londramolveno.it\/de\/wp-json\/wp\/v2\/media?parent=2175"}],"curies":[{"name":"wp","href":"https:\/\/api.w.org\/{rel}","templated":true}]}}